{"id":3966,"date":"2025-09-15T00:01:01","date_gmt":"2025-09-14T22:01:01","guid":{"rendered":"https:\/\/dolomiten.it\/?page_id=3966"},"modified":"2025-09-10T15:56:56","modified_gmt":"2025-09-10T13:56:56","slug":"das-beliebteste-wirtshaus-suedtirols-2025","status":"publish","type":"page","link":"https:\/\/dolomiten.it\/de\/das-beliebteste-wirtshaus-suedtirols-2025\/","title":{"rendered":"Das beliebteste Wirtshaus S\u00fcdtirols 2025"},"content":{"rendered":"<p><img loading=\"lazy\" decoding=\"async\" class=\"aligncenter size-full wp-image-3967\" src=\"https:\/\/dolomiten.it\/wp-content\/uploads\/2025\/08\/MM101_WirtshausForst_1240x500px_SK.jpg\" alt=\"\" width=\"1240\" height=\"500\" srcset=\"https:\/\/dolomiten.it\/wp-content\/uploads\/2025\/08\/MM101_WirtshausForst_1240x500px_SK.jpg 1240w, https:\/\/dolomiten.it\/wp-content\/uploads\/2025\/08\/MM101_WirtshausForst_1240x500px_SK-350x141.jpg 350w, https:\/\/dolomiten.it\/wp-content\/uploads\/2025\/08\/MM101_WirtshausForst_1240x500px_SK-570x230.jpg 570w\" sizes=\"auto, (max-width: 1240px) 100vw, 1240px\" \/><\/p>\n<p>&nbsp;<\/p>\n<p>\ud83c\udf7b Die Wahl zum beliebtesten Wirtshaus S\u00fcdtirols startet! \ud83c\udf74<\/p>\n<p>Zum ersten Mal ruft das Tagblatt \u201eDolomiten\u201c seine Leserinnen und Leser dazu auf, \u201eS\u00fcdtirols beliebtestes Wirtshaus 2025\u201c zu w\u00e4hlen.<br \/>\nIn Zusammenarbeit mit der Spezialbierbrauerei FORST pr\u00e4sentiert das Tagblatt der S\u00fcdtiroler 9 zur Wahl stehende Wirtsh\u00e4user.<\/p>\n<p>\ud83d\udcf2 Die Abstimmung ist \u00fcber die \u201eDolomiten\u201c-Zett-App vom 15. September 2025 bis <strong>einschlie\u00dflich 16. November 2025<\/strong> m\u00f6glich.<\/p>\n<p>Die App kann kostenlos im Google Play Store und im Apple Store heruntergeladen werden:<br \/>\n<em>Google Play Store: <a href=\"https:\/\/play.google.com\/store\/apps\/details?id=com.dolomiten&amp;hl=de&amp;gl=US&amp;pli=1\">https:\/\/play.google.com\/store\/apps\/details?id=com.dolomiten&amp;hl=de&amp;gl=US&amp;pli=1<\/a><\/em><br \/>\n<em>Apple Store: <\/em><a href=\"https:\/\/apps.apple.com\/it\/app\/dolomiten-zett-wiku-schlern\/id514532687\"><em>https:\/\/apps.apple.com\/it\/app\/dolomiten-zett-wiku-schlern\/id514532687<\/em><\/a><\/p>\n<p>\u2705 Jede Person kann einmal t\u00e4glich abstimmen \u2013 und dabei gibt es nicht nur f\u00fcr die Wirtsh\u00e4user etwas zu gewinnen:<\/p>\n<p>Das Wirtshaus mit den meisten Stimmen erh\u00e4lt den Titel <strong>\u201eDas beliebteste Wirtshaus S\u00fcdtirols 2025\u201c<\/strong>.<br \/>\n\ud83c\udf81 Unter allen Teilnehmern, die f\u00fcr ihr Lieblingswirtshaus abstimmen, werden tolle Preise verlost:<\/p>\n<ol>\n<li><strong>Preis: 2 \u00dcbernachtungen f\u00fcr 2 Personen inkl. Fr\u00fchst\u00fcck und 4-Gang Verw\u00f6hnmen\u00fc im Hotel Therme Meran<\/strong><\/li>\n<li><strong>Preis: Gutschein f\u00fcr Kaffeegenuss der Kaffeer\u00f6sterei Alps Coffee im Wert von 250 \u20ac<\/strong><\/li>\n<li><strong>Preis: Einkaufgutschein im Wert von 250 \u20ac beim Getr\u00e4nkefachhandel Girardi Auer<\/strong><\/li>\n<\/ol>\n<p>\ud83d\udcc5 Die Ermittlung der Gewinner findet am 20. November 2025 unter Aufsicht eines Funktion\u00e4rs der Handelskammer Bozen statt. Die Gewinner werden telefonisch von den Mitarbeitern der Anzeigenabteilung \u201eDolomiten\u201c benachrichtigt. Teilnahmeberechtigt sind alle Personen ab 18 Jahren. Mitarbeiter der Athesia-Gruppe sind vom Gewinnspiel ausgeschlossen.<\/p>\n<p>Das vollst\u00e4ndige Spielreglement liegt in der Anzeigenabteilung der \u201eDolomiten\u201c vor.<\/p>\n<p>Hier finden Sie das <a href=\"https:\/\/dolomiten.it\/wp-content\/uploads\/2025\/08\/Privacy-Check_Das-Beliebteste-Wirtshaus-Suedtirols-2025_Athesia-Druck-GmbH.pdf\">Informationsschreiben<\/a>\u00a0zur Privacy.<\/p>\n<p>&nbsp;<\/p>\n<h1>Teilnehmende Wirtsh\u00e4user:<\/h1>\n<p><img loading=\"lazy\" decoding=\"async\" class=\"aligncenter size-full wp-image-3990\" src=\"https:\/\/dolomiten.it\/wp-content\/uploads\/2025\/09\/MM101_WirtshausForst_1080x1080px_alle_Wirtshaeuser_Post_SK-1.jpg\" alt=\"\" width=\"2250\" height=\"2250\" srcset=\"https:\/\/dolomiten.it\/wp-content\/uploads\/2025\/09\/MM101_WirtshausForst_1080x1080px_alle_Wirtshaeuser_Post_SK-1.jpg 2250w, https:\/\/dolomiten.it\/wp-content\/uploads\/2025\/09\/MM101_WirtshausForst_1080x1080px_alle_Wirtshaeuser_Post_SK-1-1536x1536.jpg 1536w, https:\/\/dolomiten.it\/wp-content\/uploads\/2025\/09\/MM101_WirtshausForst_1080x1080px_alle_Wirtshaeuser_Post_SK-1-2048x2048.jpg 2048w, https:\/\/dolomiten.it\/wp-content\/uploads\/2025\/09\/MM101_WirtshausForst_1080x1080px_alle_Wirtshaeuser_Post_SK-1-80x80.jpg 80w, https:\/\/dolomiten.it\/wp-content\/uploads\/2025\/09\/MM101_WirtshausForst_1080x1080px_alle_Wirtshaeuser_Post_SK-1-350x350.jpg 350w, https:\/\/dolomiten.it\/wp-content\/uploads\/2025\/09\/MM101_WirtshausForst_1080x1080px_alle_Wirtshaeuser_Post_SK-1-570x570.jpg 570w\" sizes=\"auto, (max-width: 2250px) 100vw, 2250px\" \/><\/p>\n<p>&nbsp;<\/p>\n<p>\ud83d\udc49 Also: Lieblingswirtshaus w\u00e4hlen, mitmachen und gewinnen!<\/p>\n","protected":false},"excerpt":{"rendered":"<p>&nbsp; \ud83c\udf7b Die Wahl zum beliebtesten Wirtshaus S\u00fcdtirols startet! \ud83c\udf74 Zum ersten Mal ruft das Tagblatt \u201eDolomiten\u201c seine Leserinnen und&#8230;<\/p>\n","protected":false},"author":8,"featured_media":0,"parent":0,"menu_order":0,"comment_status":"closed","ping_status":"closed","template":"","meta":{"_acf_changed":false,"footnotes":""},"class_list":["post-3966","page","type-page","status-publish","hentry"],"acf":[],"yoast_head":"<!-- This site is optimized with the Yoast SEO plugin v27.5 - https:\/\/yoast.com\/product\/yoast-seo-wordpress\/ -->\n<title>Das beliebteste Wirtshaus S\u00fcdtirols 2025 - \u201eDolomiten\u201c<\/title>\n<meta name=\"description\" content=\"Die Wahl zum beliebtesten Wirtshaus S\u00fcdtirols 2025 startet! Jetzt abstimmen und grandiose Preise gewinnen!\" \/>\n<meta name=\"robots\" content=\"index, follow, max-snippet:-1, max-image-preview:large, max-video-preview:-1\" \/>\n<link rel=\"canonical\" href=\"https:\/\/dolomiten.it\/de\/das-beliebteste-wirtshaus-suedtirols-2025\/\" \/>\n<meta property=\"og:locale\" content=\"de_DE\" \/>\n<meta property=\"og:type\" content=\"article\" \/>\n<meta property=\"og:title\" content=\"Das beliebteste Wirtshaus S\u00fcdtirols 2025 - \u201eDolomiten\u201c\" \/>\n<meta property=\"og:description\" content=\"Die Wahl zum beliebtesten Wirtshaus S\u00fcdtirols 2025 startet! Jetzt abstimmen und grandiose Preise gewinnen!\" \/>\n<meta property=\"og:url\" content=\"https:\/\/dolomiten.it\/de\/das-beliebteste-wirtshaus-suedtirols-2025\/\" \/>\n<meta property=\"og:site_name\" content=\"\u201eDolomiten\u201c\" \/>\n<meta property=\"og:image\" content=\"https:\/\/dolomiten.it\/wp-content\/uploads\/2025\/08\/MM101_WirtshausForst_1240x500px_SK.jpg\" \/>\n\t<meta property=\"og:image:width\" content=\"1240\" \/>\n\t<meta property=\"og:image:height\" content=\"500\" \/>\n\t<meta property=\"og:image:type\" content=\"image\/jpeg\" \/>\n<meta name=\"twitter:card\" content=\"summary_large_image\" \/>\n<meta name=\"twitter:label1\" content=\"Gesch\u00e4tzte Lesezeit\" \/>\n\t<meta name=\"twitter:data1\" content=\"2\u00a0Minuten\" \/>\n<script type=\"application\/ld+json\" class=\"yoast-schema-graph\">{\"@context\":\"https:\\\/\\\/schema.org\",\"@graph\":[{\"@type\":\"WebPage\",\"@id\":\"https:\\\/\\\/dolomiten.it\\\/de\\\/das-beliebteste-wirtshaus-suedtirols-2025\\\/\",\"url\":\"https:\\\/\\\/dolomiten.it\\\/de\\\/das-beliebteste-wirtshaus-suedtirols-2025\\\/\",\"name\":\"Das beliebteste Wirtshaus S\u00fcdtirols 2025 - \u201eDolomiten\u201c\",\"isPartOf\":{\"@id\":\"https:\\\/\\\/dolomiten.it\\\/de\\\/#website\"},\"primaryImageOfPage\":{\"@id\":\"https:\\\/\\\/dolomiten.it\\\/de\\\/das-beliebteste-wirtshaus-suedtirols-2025\\\/#primaryimage\"},\"image\":{\"@id\":\"https:\\\/\\\/dolomiten.it\\\/de\\\/das-beliebteste-wirtshaus-suedtirols-2025\\\/#primaryimage\"},\"thumbnailUrl\":\"https:\\\/\\\/dolomiten.it\\\/wp-content\\\/uploads\\\/2025\\\/08\\\/MM101_WirtshausForst_1240x500px_SK.jpg\",\"datePublished\":\"2025-09-14T22:01:01+00:00\",\"description\":\"Die Wahl zum beliebtesten Wirtshaus S\u00fcdtirols 2025 startet! Jetzt abstimmen und grandiose Preise gewinnen!\",\"breadcrumb\":{\"@id\":\"https:\\\/\\\/dolomiten.it\\\/de\\\/das-beliebteste-wirtshaus-suedtirols-2025\\\/#breadcrumb\"},\"inLanguage\":\"de\",\"potentialAction\":[{\"@type\":\"ReadAction\",\"target\":[\"https:\\\/\\\/dolomiten.it\\\/de\\\/das-beliebteste-wirtshaus-suedtirols-2025\\\/\"]}]},{\"@type\":\"ImageObject\",\"inLanguage\":\"de\",\"@id\":\"https:\\\/\\\/dolomiten.it\\\/de\\\/das-beliebteste-wirtshaus-suedtirols-2025\\\/#primaryimage\",\"url\":\"https:\\\/\\\/dolomiten.it\\\/wp-content\\\/uploads\\\/2025\\\/08\\\/MM101_WirtshausForst_1240x500px_SK.jpg\",\"contentUrl\":\"https:\\\/\\\/dolomiten.it\\\/wp-content\\\/uploads\\\/2025\\\/08\\\/MM101_WirtshausForst_1240x500px_SK.jpg\"},{\"@type\":\"BreadcrumbList\",\"@id\":\"https:\\\/\\\/dolomiten.it\\\/de\\\/das-beliebteste-wirtshaus-suedtirols-2025\\\/#breadcrumb\",\"itemListElement\":[{\"@type\":\"ListItem\",\"position\":1,\"name\":\"Startseite\",\"item\":\"https:\\\/\\\/dolomiten.it\\\/de\\\/\"},{\"@type\":\"ListItem\",\"position\":2,\"name\":\"Das beliebteste Wirtshaus S\u00fcdtirols 2025\"}]},{\"@type\":\"WebSite\",\"@id\":\"https:\\\/\\\/dolomiten.it\\\/de\\\/#website\",\"url\":\"https:\\\/\\\/dolomiten.it\\\/de\\\/\",\"name\":\"\u201eDolomiten\u201c\",\"description\":\"Das Tagblatt der S\u00fcdtiroler\",\"potentialAction\":[{\"@type\":\"SearchAction\",\"target\":{\"@type\":\"EntryPoint\",\"urlTemplate\":\"https:\\\/\\\/dolomiten.it\\\/de\\\/?s={search_term_string}\"},\"query-input\":{\"@type\":\"PropertyValueSpecification\",\"valueRequired\":true,\"valueName\":\"search_term_string\"}}],\"inLanguage\":\"de\"}]}<\/script>\n<!-- \/ Yoast SEO plugin. -->","yoast_head_json":{"title":"Das beliebteste Wirtshaus S\u00fcdtirols 2025 - \u201eDolomiten\u201c","description":"Die Wahl zum beliebtesten Wirtshaus S\u00fcdtirols 2025 startet! Jetzt abstimmen und grandiose Preise gewinnen!","robots":{"index":"index","follow":"follow","max-snippet":"max-snippet:-1","max-image-preview":"max-image-preview:large","max-video-preview":"max-video-preview:-1"},"canonical":"https:\/\/dolomiten.it\/de\/das-beliebteste-wirtshaus-suedtirols-2025\/","og_locale":"de_DE","og_type":"article","og_title":"Das beliebteste Wirtshaus S\u00fcdtirols 2025 - \u201eDolomiten\u201c","og_description":"Die Wahl zum beliebtesten Wirtshaus S\u00fcdtirols 2025 startet! Jetzt abstimmen und grandiose Preise gewinnen!","og_url":"https:\/\/dolomiten.it\/de\/das-beliebteste-wirtshaus-suedtirols-2025\/","og_site_name":"\u201eDolomiten\u201c","og_image":[{"width":1240,"height":500,"url":"https:\/\/dolomiten.it\/wp-content\/uploads\/2025\/08\/MM101_WirtshausForst_1240x500px_SK.jpg","type":"image\/jpeg"}],"twitter_card":"summary_large_image","twitter_misc":{"Gesch\u00e4tzte Lesezeit":"2\u00a0Minuten"},"schema":{"@context":"https:\/\/schema.org","@graph":[{"@type":"WebPage","@id":"https:\/\/dolomiten.it\/de\/das-beliebteste-wirtshaus-suedtirols-2025\/","url":"https:\/\/dolomiten.it\/de\/das-beliebteste-wirtshaus-suedtirols-2025\/","name":"Das beliebteste Wirtshaus S\u00fcdtirols 2025 - \u201eDolomiten\u201c","isPartOf":{"@id":"https:\/\/dolomiten.it\/de\/#website"},"primaryImageOfPage":{"@id":"https:\/\/dolomiten.it\/de\/das-beliebteste-wirtshaus-suedtirols-2025\/#primaryimage"},"image":{"@id":"https:\/\/dolomiten.it\/de\/das-beliebteste-wirtshaus-suedtirols-2025\/#primaryimage"},"thumbnailUrl":"https:\/\/dolomiten.it\/wp-content\/uploads\/2025\/08\/MM101_WirtshausForst_1240x500px_SK.jpg","datePublished":"2025-09-14T22:01:01+00:00","description":"Die Wahl zum beliebtesten Wirtshaus S\u00fcdtirols 2025 startet! Jetzt abstimmen und grandiose Preise gewinnen!","breadcrumb":{"@id":"https:\/\/dolomiten.it\/de\/das-beliebteste-wirtshaus-suedtirols-2025\/#breadcrumb"},"inLanguage":"de","potentialAction":[{"@type":"ReadAction","target":["https:\/\/dolomiten.it\/de\/das-beliebteste-wirtshaus-suedtirols-2025\/"]}]},{"@type":"ImageObject","inLanguage":"de","@id":"https:\/\/dolomiten.it\/de\/das-beliebteste-wirtshaus-suedtirols-2025\/#primaryimage","url":"https:\/\/dolomiten.it\/wp-content\/uploads\/2025\/08\/MM101_WirtshausForst_1240x500px_SK.jpg","contentUrl":"https:\/\/dolomiten.it\/wp-content\/uploads\/2025\/08\/MM101_WirtshausForst_1240x500px_SK.jpg"},{"@type":"BreadcrumbList","@id":"https:\/\/dolomiten.it\/de\/das-beliebteste-wirtshaus-suedtirols-2025\/#breadcrumb","itemListElement":[{"@type":"ListItem","position":1,"name":"Startseite","item":"https:\/\/dolomiten.it\/de\/"},{"@type":"ListItem","position":2,"name":"Das beliebteste Wirtshaus S\u00fcdtirols 2025"}]},{"@type":"WebSite","@id":"https:\/\/dolomiten.it\/de\/#website","url":"https:\/\/dolomiten.it\/de\/","name":"\u201eDolomiten\u201c","description":"Das Tagblatt der S\u00fcdtiroler","potentialAction":[{"@type":"SearchAction","target":{"@type":"EntryPoint","urlTemplate":"https:\/\/dolomiten.it\/de\/?s={search_term_string}"},"query-input":{"@type":"PropertyValueSpecification","valueRequired":true,"valueName":"search_term_string"}}],"inLanguage":"de"}]}},"_links":{"self":[{"href":"https:\/\/dolomiten.it\/de\/wp-json\/wp\/v2\/pages\/3966","targetHints":{"allow":["GET"]}}],"collection":[{"href":"https:\/\/dolomiten.it\/de\/wp-json\/wp\/v2\/pages"}],"about":[{"href":"https:\/\/dolomiten.it\/de\/wp-json\/wp\/v2\/types\/page"}],"author":[{"embeddable":true,"href":"https:\/\/dolomiten.it\/de\/wp-json\/wp\/v2\/users\/8"}],"replies":[{"embeddable":true,"href":"https:\/\/dolomiten.it\/de\/wp-json\/wp\/v2\/comments?post=3966"}],"version-history":[{"count":6,"href":"https:\/\/dolomiten.it\/de\/wp-json\/wp\/v2\/pages\/3966\/revisions"}],"predecessor-version":[{"id":3992,"href":"https:\/\/dolomiten.it\/de\/wp-json\/wp\/v2\/pages\/3966\/revisions\/3992"}],"wp:attachment":[{"href":"https:\/\/dolomiten.it\/de\/wp-json\/wp\/v2\/media?parent=3966"}],"curies":[{"name":"wp","href":"https:\/\/api.w.org\/{rel}","templated":true}]}}