{"id":3384,"date":"2024-07-18T11:47:37","date_gmt":"2024-07-18T11:47:37","guid":{"rendered":"https:\/\/dolomiten.it\/?page_id=3384"},"modified":"2024-07-30T07:05:11","modified_gmt":"2024-07-30T07:05:11","slug":"karlheinz","status":"publish","type":"page","link":"https:\/\/dolomiten.it\/de\/karlheinz\/","title":{"rendered":"Karlheinz Gufler: \u201e,Gemeinsamzeit\u2018 f\u00fcr meine Frau und mich\u201c"},"content":{"rendered":"<p><img loading=\"lazy\" decoding=\"async\" class=\"alignleft size-full wp-image-3420\" src=\"https:\/\/dolomiten.it\/wp-content\/uploads\/2024\/07\/1920x1080px_Stol_Artikelbild_Karlheinz_Testimonial_Dolo.jpg\" alt=\"\" width=\"1920\" height=\"1080\" srcset=\"https:\/\/dolomiten.it\/wp-content\/uploads\/2024\/07\/1920x1080px_Stol_Artikelbild_Karlheinz_Testimonial_Dolo.jpg 1920w, https:\/\/dolomiten.it\/wp-content\/uploads\/2024\/07\/1920x1080px_Stol_Artikelbild_Karlheinz_Testimonial_Dolo-1536x864.jpg 1536w, https:\/\/dolomiten.it\/wp-content\/uploads\/2024\/07\/1920x1080px_Stol_Artikelbild_Karlheinz_Testimonial_Dolo-350x197.jpg 350w, https:\/\/dolomiten.it\/wp-content\/uploads\/2024\/07\/1920x1080px_Stol_Artikelbild_Karlheinz_Testimonial_Dolo-570x321.jpg 570w\" sizes=\"auto, (max-width: 1920px) 100vw, 1920px\" \/><\/p>\n<p>\u201eBei meiner Frau und mir f\u00e4ngt der Tag schon sehr fr\u00fch an, manchmal sehen wir uns tags\u00fcber kaum. Darum genie\u00dfen wir <strong>unser Ritual am Fr\u00fchst\u00fcckstisch<\/strong>: Wir teilen uns die ,Dolomiten\u2018.\u201c Bei Karlheinz Gufler haben schon viele die Schulbank gedr\u00fcckt und ihren Horizont erweitert. Denn er ist mit Leib und Seele Lehrer und unterrichtet Kunstgeschichte an den Gymnasien Meran (\u201eGymme\u201c).<\/p>\n<p>Zu einer guten Vorbereitung auf den Tag geh\u00f6rt f\u00fcr Karlheinz, sich aus verschiedenen Quellen \u00fcber das aktuelle Geschehen zu informieren. Dabei sind <strong>die \u201eDolomiten\u201c die wichtigste Lekt\u00fcre<\/strong> f\u00fcr ihn: \u201eAls Lehrer bin ich st\u00e4ndig im Austausch mit anderen Menschen und m\u00f6chte wissen, was auf der Welt, aber auch in unserem Land und unsere Stadt vor sich geht. Die Informationen integriere ich dann in meinen Unterricht. Keine andere Zeitung informiert mich meiner Meinung nach so gut \u00fcber S\u00fcdtirol, wie es die ,Dolomiten\u2018 tun.\u201c<\/p>\n","protected":false},"excerpt":{"rendered":"<p>\u201eBei meiner Frau und mir f\u00e4ngt der Tag schon sehr fr\u00fch an, manchmal sehen wir uns tags\u00fcber kaum. Darum genie\u00dfen&#8230;<\/p>\n","protected":false},"author":7,"featured_media":0,"parent":0,"menu_order":0,"comment_status":"closed","ping_status":"closed","template":"","meta":{"_acf_changed":false,"footnotes":""},"class_list":["post-3384","page","type-page","status-publish","hentry"],"acf":[],"yoast_head":"<!-- This site is optimized with the Yoast SEO plugin v27.4 - https:\/\/yoast.com\/product\/yoast-seo-wordpress\/ -->\n<title>Karlheinz Gufler: \u201e,Gemeinsamzeit\u2018 f\u00fcr meine Frau und mich\u201c - \u201eDolomiten\u201c<\/title>\n<meta name=\"robots\" content=\"index, follow, max-snippet:-1, max-image-preview:large, max-video-preview:-1\" \/>\n<link rel=\"canonical\" href=\"https:\/\/dolomiten.it\/de\/karlheinz\/\" \/>\n<meta property=\"og:locale\" content=\"de_DE\" \/>\n<meta property=\"og:type\" content=\"article\" \/>\n<meta property=\"og:title\" content=\"Karlheinz Gufler: \u201e,Gemeinsamzeit\u2018 f\u00fcr meine Frau und mich\u201c - \u201eDolomiten\u201c\" \/>\n<meta property=\"og:description\" content=\"\u201eBei meiner Frau und mir f\u00e4ngt der Tag schon sehr fr\u00fch an, manchmal sehen wir uns tags\u00fcber kaum. Darum genie\u00dfen...\" \/>\n<meta property=\"og:url\" content=\"https:\/\/dolomiten.it\/de\/karlheinz\/\" \/>\n<meta property=\"og:site_name\" content=\"\u201eDolomiten\u201c\" \/>\n<meta property=\"article:modified_time\" content=\"2024-07-30T07:05:11+00:00\" \/>\n<meta property=\"og:image\" content=\"https:\/\/dolomiten.it\/wp-content\/uploads\/2024\/07\/1920x1080px_Stol_Artikelbild_Karlheinz_Testimonial_Dolo.jpg\" \/>\n<meta name=\"twitter:card\" content=\"summary_large_image\" \/>\n<meta name=\"twitter:label1\" content=\"Gesch\u00e4tzte Lesezeit\" \/>\n\t<meta name=\"twitter:data1\" content=\"1\u00a0Minute\" \/>\n<script type=\"application\/ld+json\" class=\"yoast-schema-graph\">{\"@context\":\"https:\\\/\\\/schema.org\",\"@graph\":[{\"@type\":\"WebPage\",\"@id\":\"https:\\\/\\\/dolomiten.it\\\/de\\\/karlheinz\\\/\",\"url\":\"https:\\\/\\\/dolomiten.it\\\/de\\\/karlheinz\\\/\",\"name\":\"Karlheinz Gufler: \u201e,Gemeinsamzeit\u2018 f\u00fcr meine Frau und mich\u201c - \u201eDolomiten\u201c\",\"isPartOf\":{\"@id\":\"https:\\\/\\\/dolomiten.it\\\/de\\\/#website\"},\"primaryImageOfPage\":{\"@id\":\"https:\\\/\\\/dolomiten.it\\\/de\\\/karlheinz\\\/#primaryimage\"},\"image\":{\"@id\":\"https:\\\/\\\/dolomiten.it\\\/de\\\/karlheinz\\\/#primaryimage\"},\"thumbnailUrl\":\"https:\\\/\\\/dolomiten.it\\\/wp-content\\\/uploads\\\/2024\\\/07\\\/1920x1080px_Stol_Artikelbild_Karlheinz_Testimonial_Dolo.jpg\",\"datePublished\":\"2024-07-18T11:47:37+00:00\",\"dateModified\":\"2024-07-30T07:05:11+00:00\",\"breadcrumb\":{\"@id\":\"https:\\\/\\\/dolomiten.it\\\/de\\\/karlheinz\\\/#breadcrumb\"},\"inLanguage\":\"de\",\"potentialAction\":[{\"@type\":\"ReadAction\",\"target\":[\"https:\\\/\\\/dolomiten.it\\\/de\\\/karlheinz\\\/\"]}]},{\"@type\":\"ImageObject\",\"inLanguage\":\"de\",\"@id\":\"https:\\\/\\\/dolomiten.it\\\/de\\\/karlheinz\\\/#primaryimage\",\"url\":\"https:\\\/\\\/dolomiten.it\\\/wp-content\\\/uploads\\\/2024\\\/07\\\/1920x1080px_Stol_Artikelbild_Karlheinz_Testimonial_Dolo.jpg\",\"contentUrl\":\"https:\\\/\\\/dolomiten.it\\\/wp-content\\\/uploads\\\/2024\\\/07\\\/1920x1080px_Stol_Artikelbild_Karlheinz_Testimonial_Dolo.jpg\"},{\"@type\":\"BreadcrumbList\",\"@id\":\"https:\\\/\\\/dolomiten.it\\\/de\\\/karlheinz\\\/#breadcrumb\",\"itemListElement\":[{\"@type\":\"ListItem\",\"position\":1,\"name\":\"Startseite\",\"item\":\"https:\\\/\\\/dolomiten.it\\\/de\\\/\"},{\"@type\":\"ListItem\",\"position\":2,\"name\":\"Karlheinz Gufler: \u201e,Gemeinsamzeit\u2018 f\u00fcr meine Frau und mich\u201c\"}]},{\"@type\":\"WebSite\",\"@id\":\"https:\\\/\\\/dolomiten.it\\\/de\\\/#website\",\"url\":\"https:\\\/\\\/dolomiten.it\\\/de\\\/\",\"name\":\"\u201eDolomiten\u201c\",\"description\":\"Das Tagblatt der S\u00fcdtiroler\",\"potentialAction\":[{\"@type\":\"SearchAction\",\"target\":{\"@type\":\"EntryPoint\",\"urlTemplate\":\"https:\\\/\\\/dolomiten.it\\\/de\\\/?s={search_term_string}\"},\"query-input\":{\"@type\":\"PropertyValueSpecification\",\"valueRequired\":true,\"valueName\":\"search_term_string\"}}],\"inLanguage\":\"de\"}]}<\/script>\n<!-- \/ Yoast SEO plugin. -->","yoast_head_json":{"title":"Karlheinz Gufler: \u201e,Gemeinsamzeit\u2018 f\u00fcr meine Frau und mich\u201c - \u201eDolomiten\u201c","robots":{"index":"index","follow":"follow","max-snippet":"max-snippet:-1","max-image-preview":"max-image-preview:large","max-video-preview":"max-video-preview:-1"},"canonical":"https:\/\/dolomiten.it\/de\/karlheinz\/","og_locale":"de_DE","og_type":"article","og_title":"Karlheinz Gufler: \u201e,Gemeinsamzeit\u2018 f\u00fcr meine Frau und mich\u201c - \u201eDolomiten\u201c","og_description":"\u201eBei meiner Frau und mir f\u00e4ngt der Tag schon sehr fr\u00fch an, manchmal sehen wir uns tags\u00fcber kaum. Darum genie\u00dfen...","og_url":"https:\/\/dolomiten.it\/de\/karlheinz\/","og_site_name":"\u201eDolomiten\u201c","article_modified_time":"2024-07-30T07:05:11+00:00","og_image":[{"url":"https:\/\/dolomiten.it\/wp-content\/uploads\/2024\/07\/1920x1080px_Stol_Artikelbild_Karlheinz_Testimonial_Dolo.jpg","type":"","width":"","height":""}],"twitter_card":"summary_large_image","twitter_misc":{"Gesch\u00e4tzte Lesezeit":"1\u00a0Minute"},"schema":{"@context":"https:\/\/schema.org","@graph":[{"@type":"WebPage","@id":"https:\/\/dolomiten.it\/de\/karlheinz\/","url":"https:\/\/dolomiten.it\/de\/karlheinz\/","name":"Karlheinz Gufler: \u201e,Gemeinsamzeit\u2018 f\u00fcr meine Frau und mich\u201c - \u201eDolomiten\u201c","isPartOf":{"@id":"https:\/\/dolomiten.it\/de\/#website"},"primaryImageOfPage":{"@id":"https:\/\/dolomiten.it\/de\/karlheinz\/#primaryimage"},"image":{"@id":"https:\/\/dolomiten.it\/de\/karlheinz\/#primaryimage"},"thumbnailUrl":"https:\/\/dolomiten.it\/wp-content\/uploads\/2024\/07\/1920x1080px_Stol_Artikelbild_Karlheinz_Testimonial_Dolo.jpg","datePublished":"2024-07-18T11:47:37+00:00","dateModified":"2024-07-30T07:05:11+00:00","breadcrumb":{"@id":"https:\/\/dolomiten.it\/de\/karlheinz\/#breadcrumb"},"inLanguage":"de","potentialAction":[{"@type":"ReadAction","target":["https:\/\/dolomiten.it\/de\/karlheinz\/"]}]},{"@type":"ImageObject","inLanguage":"de","@id":"https:\/\/dolomiten.it\/de\/karlheinz\/#primaryimage","url":"https:\/\/dolomiten.it\/wp-content\/uploads\/2024\/07\/1920x1080px_Stol_Artikelbild_Karlheinz_Testimonial_Dolo.jpg","contentUrl":"https:\/\/dolomiten.it\/wp-content\/uploads\/2024\/07\/1920x1080px_Stol_Artikelbild_Karlheinz_Testimonial_Dolo.jpg"},{"@type":"BreadcrumbList","@id":"https:\/\/dolomiten.it\/de\/karlheinz\/#breadcrumb","itemListElement":[{"@type":"ListItem","position":1,"name":"Startseite","item":"https:\/\/dolomiten.it\/de\/"},{"@type":"ListItem","position":2,"name":"Karlheinz Gufler: \u201e,Gemeinsamzeit\u2018 f\u00fcr meine Frau und mich\u201c"}]},{"@type":"WebSite","@id":"https:\/\/dolomiten.it\/de\/#website","url":"https:\/\/dolomiten.it\/de\/","name":"\u201eDolomiten\u201c","description":"Das Tagblatt der S\u00fcdtiroler","potentialAction":[{"@type":"SearchAction","target":{"@type":"EntryPoint","urlTemplate":"https:\/\/dolomiten.it\/de\/?s={search_term_string}"},"query-input":{"@type":"PropertyValueSpecification","valueRequired":true,"valueName":"search_term_string"}}],"inLanguage":"de"}]}},"_links":{"self":[{"href":"https:\/\/dolomiten.it\/de\/wp-json\/wp\/v2\/pages\/3384","targetHints":{"allow":["GET"]}}],"collection":[{"href":"https:\/\/dolomiten.it\/de\/wp-json\/wp\/v2\/pages"}],"about":[{"href":"https:\/\/dolomiten.it\/de\/wp-json\/wp\/v2\/types\/page"}],"author":[{"embeddable":true,"href":"https:\/\/dolomiten.it\/de\/wp-json\/wp\/v2\/users\/7"}],"replies":[{"embeddable":true,"href":"https:\/\/dolomiten.it\/de\/wp-json\/wp\/v2\/comments?post=3384"}],"version-history":[{"count":5,"href":"https:\/\/dolomiten.it\/de\/wp-json\/wp\/v2\/pages\/3384\/revisions"}],"predecessor-version":[{"id":3497,"href":"https:\/\/dolomiten.it\/de\/wp-json\/wp\/v2\/pages\/3384\/revisions\/3497"}],"wp:attachment":[{"href":"https:\/\/dolomiten.it\/de\/wp-json\/wp\/v2\/media?parent=3384"}],"curies":[{"name":"wp","href":"https:\/\/api.w.org\/{rel}","templated":true}]}}