{"id":1894,"date":"2021-03-19T16:22:36","date_gmt":"2021-03-19T16:22:36","guid":{"rendered":"https:\/\/dolomiten.it\/?page_id=1894"},"modified":"2021-04-22T13:29:31","modified_gmt":"2021-04-22T13:29:31","slug":"dolomiten-vorteil-faq","status":"publish","type":"page","link":"https:\/\/dolomiten.it\/de\/dolomiten-vorteil-faq\/","title":{"rendered":"Dolomiten-Vorteil: FAQ"},"content":{"rendered":"<p>&nbsp;<\/p>\n<p><strong>Wie kann ich den \u201eDolomiten\u201c-Vorteil mittels \u201eDolomiten\u201c-App nutzen?<\/strong><\/p>\n<p>Alle g\u00fcltigen \u201eDolomiten\u201c-Vorteile k\u00f6nnen bequem \u00fcber die \u201eDolomiten Zett\u201c-App genutzt und eingel\u00f6st werden. Daf\u00fcr ist der kostenlose Download der \u201eDolomiten-Zett\u201c-App \u00fcber den Apple Store oder den Google Play Store n\u00f6tig.<\/p>\n<p>Dolomiten-Digital-Abonnenten &amp; s+ Premium Abonnenten k\u00f6nnen sich direkt mit Ihrem gewohnten Benutzernamen und dem dazugeh\u00f6rigen Passwort anmelden.<\/p>\n<p>F\u00fcr <strong>Abonnenten der gedruckten Zeitung<\/strong> ist eine einmalige Registrierung notwendig.<br \/>\nHierf\u00fcr reicht es Ihre \u201eDolomiten\u201c-Abonummer, die Sie auf Ihrer \u201eDolomiten\u201c-Karte finden, und Ihren Namen beim ersten \u00d6ffnen unter der Rubrik \u201eVorteil\u201c in der \u201eDolomiten\u201c-App einzugeben.<br \/>\nFolgen Sie den Schritten zur Erstellung Ihres digitalen Kontos.<\/p>\n<p>&nbsp;<\/p>\n<p><strong>Wo finde ich die digitalen &#8222;Dolomiten&#8220;- Vorteile (Vorteilskarte) und wie kann ich Sie benutzen?<\/strong><\/p>\n<p>Die digitalen &#8222;Dolomiten&#8220;-Vorteile werden als eigene Rubrik (unten rechts) in der Dolomiten-App (verf\u00fcgbar bei i-Tunes und Google Play) angezeigt. Nach der einmaligen Registrierung mit Abonummer ist die Nutzung der Vorteile direkt \u00fcber das Smartphone zusammen mit der &#8222;Dolomiten&#8220;-Karte m\u00f6glich.<\/p>\n<p><strong><br \/>\nWo finde ich die \u201eDolomiten\u201c &#8211; Abonummer?<\/strong><\/p>\n<p>Sie finden Ihre Abonummer auf der \u201eDolomiten\u201c-Karte (wird einmal im Jahr allen Abonnenten per Post zugeschickt) oder auf dem Adressfeld auf Ihrer \u201eDolomiten\u201c-Titelseite. Sollten Sie dazu Fragen haben, kontaktieren Sie uns bitte telefonisch unter 0471 925590 von 8 bis 17 Uhr.<\/p>\n<p><strong>Wie erfolgt das Einl\u00f6sen eines Vorteils?<\/strong><\/p>\n<p>Der Abonnent l\u00f6st den Gutschein bei der Bezahlung ein, indem er in der App den Vorteil \u00f6ffnet, die Filiale ausw\u00e4hlt, \u201eEINL\u00d6SEN\u201c klickt und mit \u201eOK\u201c best\u00e4tigt. Anschlie\u00dfend zeigt er dem &#8222;Dolomiten&#8220;-Partnerbetrieb vor der Bezahlung zusammen mit der &#8222;Dolomiten&#8220;-Karte den Smartphone-Bildschirm mit Datum und Uhrzeit des Vorgangs, sodass die korrekte Nutzung \u00fcberpr\u00fcft werden kann. Jeder Vorteil kann nur entweder mittels App oder mittels Gutschein in Papierform eingel\u00f6st werden. Eine doppelte Nutzung ist ausgeschlossen.<\/p>\n<p><strong>Wie oft kann ich die Vorteile pro Aktion nutzen?<\/strong><\/p>\n<p>Ein Vorteil kann nur einmal pro Abonnement genutzt werden. Diesbez\u00fcgliche Ausnahmen f\u00fcr eine mehrfache Nutzung werden im Rahmen der jeweiligen Aktion gesondert angef\u00fchrt.<\/p>\n<p><strong>Welche Vorteile habe ich bereits eingel\u00f6st und wie viel habe ich so gespart?<\/strong><\/p>\n<p>Bereits eingel\u00f6ste Vorteile scheinen in der Gesamt\u00fcbersicht, mit Datum und Uhrzeit der Einl\u00f6sung, auf und zeigen Ihnen so direkt Ihre gesamte Ersparnis.<\/p>\n<p><strong>K\u00f6nnen meine Familienmitglieder die Vorteile nutzen?<\/strong><\/p>\n<p>Es ist m\u00f6glich Vorteile an Familienmitglieder, die im selben Haushalt wohnen, abzugeben. Daf\u00fcr m\u00fcssen diese ebenfalls die &#8222;Dolomiten&#8220;-App downloaden und sich mit dem selben Benutzernamen anmelden. Nach erfolgtem LOGIN sehen die Familienmitglieder ebenfalls alle Vorteile und k\u00f6nnen diese genauso einl\u00f6sen. Die &#8222;Dolomiten&#8220;-Karte muss beim Einl\u00f6sen durch Familienmitglieder ebenfalls vorgezeigt werden. Achtung: Ein Vorteil\/Gutschein ist pro Abo-Nummer nur einmal einl\u00f6sbar.<\/p>\n<p><strong>Kann man die Einl\u00f6sung eines Vorteils r\u00fcckg\u00e4ngig machen?<\/strong><\/p>\n<p>Nein, das ist nicht m\u00f6glich. Jeder Vorteil kann nur einmal eingel\u00f6st werden. Ist die Einl\u00f6sung best\u00e4tigt worden, kann der Gutschein nicht wiederhergestellt werden.<\/p>\n","protected":false},"excerpt":{"rendered":"<p>&nbsp; Wie kann ich den \u201eDolomiten\u201c-Vorteil mittels \u201eDolomiten\u201c-App nutzen? Alle g\u00fcltigen \u201eDolomiten\u201c-Vorteile k\u00f6nnen bequem \u00fcber die \u201eDolomiten Zett\u201c-App genutzt und&#8230;<\/p>\n","protected":false},"author":2,"featured_media":0,"parent":0,"menu_order":0,"comment_status":"closed","ping_status":"closed","template":"","meta":{"_acf_changed":false,"footnotes":""},"class_list":["post-1894","page","type-page","status-publish","hentry"],"acf":[],"yoast_head":"<!-- This site is optimized with the Yoast SEO plugin v27.3 - https:\/\/yoast.com\/product\/yoast-seo-wordpress\/ -->\n<title>Dolomiten-Vorteil: FAQ - \u201eDolomiten\u201c<\/title>\n<meta name=\"robots\" content=\"index, follow, max-snippet:-1, max-image-preview:large, max-video-preview:-1\" \/>\n<link rel=\"canonical\" href=\"https:\/\/dolomiten.it\/de\/dolomiten-vorteil-faq\/\" \/>\n<meta property=\"og:locale\" content=\"de_DE\" \/>\n<meta property=\"og:type\" content=\"article\" \/>\n<meta property=\"og:title\" content=\"Dolomiten-Vorteil: FAQ - \u201eDolomiten\u201c\" \/>\n<meta property=\"og:description\" content=\"&nbsp; Wie kann ich den \u201eDolomiten\u201c-Vorteil mittels \u201eDolomiten\u201c-App nutzen? Alle g\u00fcltigen \u201eDolomiten\u201c-Vorteile k\u00f6nnen bequem \u00fcber die \u201eDolomiten Zett\u201c-App genutzt und...\" \/>\n<meta property=\"og:url\" content=\"https:\/\/dolomiten.it\/de\/dolomiten-vorteil-faq\/\" \/>\n<meta property=\"og:site_name\" content=\"\u201eDolomiten\u201c\" \/>\n<meta property=\"article:modified_time\" content=\"2021-04-22T13:29:31+00:00\" \/>\n<meta name=\"twitter:card\" content=\"summary_large_image\" \/>\n<meta name=\"twitter:label1\" content=\"Gesch\u00e4tzte Lesezeit\" \/>\n\t<meta name=\"twitter:data1\" content=\"2\u00a0Minuten\" \/>\n<script type=\"application\/ld+json\" class=\"yoast-schema-graph\">{\"@context\":\"https:\\\/\\\/schema.org\",\"@graph\":[{\"@type\":\"WebPage\",\"@id\":\"https:\\\/\\\/dolomiten.it\\\/de\\\/dolomiten-vorteil-faq\\\/\",\"url\":\"https:\\\/\\\/dolomiten.it\\\/de\\\/dolomiten-vorteil-faq\\\/\",\"name\":\"Dolomiten-Vorteil: FAQ - \u201eDolomiten\u201c\",\"isPartOf\":{\"@id\":\"https:\\\/\\\/dolomiten.it\\\/de\\\/#website\"},\"datePublished\":\"2021-03-19T16:22:36+00:00\",\"dateModified\":\"2021-04-22T13:29:31+00:00\",\"breadcrumb\":{\"@id\":\"https:\\\/\\\/dolomiten.it\\\/de\\\/dolomiten-vorteil-faq\\\/#breadcrumb\"},\"inLanguage\":\"de\",\"potentialAction\":[{\"@type\":\"ReadAction\",\"target\":[\"https:\\\/\\\/dolomiten.it\\\/de\\\/dolomiten-vorteil-faq\\\/\"]}]},{\"@type\":\"BreadcrumbList\",\"@id\":\"https:\\\/\\\/dolomiten.it\\\/de\\\/dolomiten-vorteil-faq\\\/#breadcrumb\",\"itemListElement\":[{\"@type\":\"ListItem\",\"position\":1,\"name\":\"Startseite\",\"item\":\"https:\\\/\\\/dolomiten.it\\\/de\\\/\"},{\"@type\":\"ListItem\",\"position\":2,\"name\":\"Dolomiten-Vorteil: FAQ\"}]},{\"@type\":\"WebSite\",\"@id\":\"https:\\\/\\\/dolomiten.it\\\/de\\\/#website\",\"url\":\"https:\\\/\\\/dolomiten.it\\\/de\\\/\",\"name\":\"\u201eDolomiten\u201c\",\"description\":\"Das Tagblatt der S\u00fcdtiroler\",\"potentialAction\":[{\"@type\":\"SearchAction\",\"target\":{\"@type\":\"EntryPoint\",\"urlTemplate\":\"https:\\\/\\\/dolomiten.it\\\/de\\\/?s={search_term_string}\"},\"query-input\":{\"@type\":\"PropertyValueSpecification\",\"valueRequired\":true,\"valueName\":\"search_term_string\"}}],\"inLanguage\":\"de\"}]}<\/script>\n<!-- \/ Yoast SEO plugin. -->","yoast_head_json":{"title":"Dolomiten-Vorteil: FAQ - \u201eDolomiten\u201c","robots":{"index":"index","follow":"follow","max-snippet":"max-snippet:-1","max-image-preview":"max-image-preview:large","max-video-preview":"max-video-preview:-1"},"canonical":"https:\/\/dolomiten.it\/de\/dolomiten-vorteil-faq\/","og_locale":"de_DE","og_type":"article","og_title":"Dolomiten-Vorteil: FAQ - \u201eDolomiten\u201c","og_description":"&nbsp; Wie kann ich den \u201eDolomiten\u201c-Vorteil mittels \u201eDolomiten\u201c-App nutzen? Alle g\u00fcltigen \u201eDolomiten\u201c-Vorteile k\u00f6nnen bequem \u00fcber die \u201eDolomiten Zett\u201c-App genutzt und...","og_url":"https:\/\/dolomiten.it\/de\/dolomiten-vorteil-faq\/","og_site_name":"\u201eDolomiten\u201c","article_modified_time":"2021-04-22T13:29:31+00:00","twitter_card":"summary_large_image","twitter_misc":{"Gesch\u00e4tzte Lesezeit":"2\u00a0Minuten"},"schema":{"@context":"https:\/\/schema.org","@graph":[{"@type":"WebPage","@id":"https:\/\/dolomiten.it\/de\/dolomiten-vorteil-faq\/","url":"https:\/\/dolomiten.it\/de\/dolomiten-vorteil-faq\/","name":"Dolomiten-Vorteil: FAQ - \u201eDolomiten\u201c","isPartOf":{"@id":"https:\/\/dolomiten.it\/de\/#website"},"datePublished":"2021-03-19T16:22:36+00:00","dateModified":"2021-04-22T13:29:31+00:00","breadcrumb":{"@id":"https:\/\/dolomiten.it\/de\/dolomiten-vorteil-faq\/#breadcrumb"},"inLanguage":"de","potentialAction":[{"@type":"ReadAction","target":["https:\/\/dolomiten.it\/de\/dolomiten-vorteil-faq\/"]}]},{"@type":"BreadcrumbList","@id":"https:\/\/dolomiten.it\/de\/dolomiten-vorteil-faq\/#breadcrumb","itemListElement":[{"@type":"ListItem","position":1,"name":"Startseite","item":"https:\/\/dolomiten.it\/de\/"},{"@type":"ListItem","position":2,"name":"Dolomiten-Vorteil: FAQ"}]},{"@type":"WebSite","@id":"https:\/\/dolomiten.it\/de\/#website","url":"https:\/\/dolomiten.it\/de\/","name":"\u201eDolomiten\u201c","description":"Das Tagblatt der S\u00fcdtiroler","potentialAction":[{"@type":"SearchAction","target":{"@type":"EntryPoint","urlTemplate":"https:\/\/dolomiten.it\/de\/?s={search_term_string}"},"query-input":{"@type":"PropertyValueSpecification","valueRequired":true,"valueName":"search_term_string"}}],"inLanguage":"de"}]}},"_links":{"self":[{"href":"https:\/\/dolomiten.it\/de\/wp-json\/wp\/v2\/pages\/1894","targetHints":{"allow":["GET"]}}],"collection":[{"href":"https:\/\/dolomiten.it\/de\/wp-json\/wp\/v2\/pages"}],"about":[{"href":"https:\/\/dolomiten.it\/de\/wp-json\/wp\/v2\/types\/page"}],"author":[{"embeddable":true,"href":"https:\/\/dolomiten.it\/de\/wp-json\/wp\/v2\/users\/2"}],"replies":[{"embeddable":true,"href":"https:\/\/dolomiten.it\/de\/wp-json\/wp\/v2\/comments?post=1894"}],"version-history":[{"count":11,"href":"https:\/\/dolomiten.it\/de\/wp-json\/wp\/v2\/pages\/1894\/revisions"}],"predecessor-version":[{"id":1928,"href":"https:\/\/dolomiten.it\/de\/wp-json\/wp\/v2\/pages\/1894\/revisions\/1928"}],"wp:attachment":[{"href":"https:\/\/dolomiten.it\/de\/wp-json\/wp\/v2\/media?parent=1894"}],"curies":[{"name":"wp","href":"https:\/\/api.w.org\/{rel}","templated":true}]}}